{"id":14763,"date":"2023-03-06T23:31:23","date_gmt":"2023-03-06T22:31:23","guid":{"rendered":"https:\/\/bibliovaud.ch\/?page_id=14763"},"modified":"2026-03-15T17:39:31","modified_gmt":"2026-03-15T16:39:31","slug":"cafechanges-table-ronde","status":"publish","type":"page","link":"https:\/\/bibliovaud.ch\/?page_id=14763","title":{"rendered":"Tables rondes"},"content":{"rendered":"\n\nA vos agendas !\n\n\nLe dernier Caf&#8217;\u00c9changes a eu lieu :\n\n\n\n                                                                                           [...]<div class=\"post-theming-cleared\"> <\/div>","protected":false},"excerpt":{"rendered":"A vos agendas ! Le dernier Caf&#8217;\u00c9changes a eu lieu : le lundi 28 octobre 2024, de 9h \u00e0 11h30\u00e0 la Biblioth\u00e8que communale de Crissier Chemin des Lentilli\u00e8res 9 &#8211; &hellip; Continuer la lecture de &laquo;&nbsp;Tables rondes&nbsp;&raquo;\n<div class=\"post-theming-cleared\"> <\/div>","protected":false},"author":30,"featured_media":0,"parent":0,"menu_order":0,"comment_status":"closed","ping_status":"closed","template":"","meta":{"om_disable_all_campaigns":false,"_monsterinsights_skip_tracking":false,"_monsterinsights_sitenote_active":false,"_monsterinsights_sitenote_note":"","_monsterinsights_sitenote_category":0,"footnotes":""},"class_list":["post-14763","page","type-page","status-publish","hentry","post-theming-border","post-theming-1","post-theming-column-1","post-theming-first-column","post-theming-last-column"],"aioseo_notices":[],"_links":{"self":[{"href":"https:\/\/bibliovaud.ch\/index.php?rest_route=\/wp\/v2\/pages\/14763","targetHints":{"allow":["GET"]}}],"collection":[{"href":"https:\/\/bibliovaud.ch\/index.php?rest_route=\/wp\/v2\/pages"}],"about":[{"href":"https:\/\/bibliovaud.ch\/index.php?rest_route=\/wp\/v2\/types\/page"}],"author":[{"embeddable":true,"href":"https:\/\/bibliovaud.ch\/index.php?rest_route=\/wp\/v2\/users\/30"}],"replies":[{"embeddable":true,"href":"https:\/\/bibliovaud.ch\/index.php?rest_route=%2Fwp%2Fv2%2Fcomments&post=14763"}],"version-history":[{"count":49,"href":"https:\/\/bibliovaud.ch\/index.php?rest_route=\/wp\/v2\/pages\/14763\/revisions"}],"predecessor-version":[{"id":16493,"href":"https:\/\/bibliovaud.ch\/index.php?rest_route=\/wp\/v2\/pages\/14763\/revisions\/16493"}],"wp:attachment":[{"href":"https:\/\/bibliovaud.ch\/index.php?rest_route=%2Fwp%2Fv2%2Fmedia&parent=14763"}],"curies":[{"name":"wp","href":"https:\/\/api.w.org\/{rel}","templated":true}]}}