{"id":15024,"date":"2023-09-25T16:11:05","date_gmt":"2023-09-25T14:11:05","guid":{"rendered":"https:\/\/bibliovaud.ch\/?page_id=15024"},"modified":"2024-09-24T16:01:51","modified_gmt":"2024-09-24T14:01:51","slug":"les-ressources-du-cafechanges","status":"publish","type":"page","link":"https:\/\/bibliovaud.ch\/?page_id=15024","title":{"rendered":"Les ressources du Caf&#8217;\u00c9changes &#8211; 1"},"content":{"rendered":"&#8220;Inter- et Trans-culturalit\u00e9s en biblioth\u00e8que : ressources et bonnes pratiques&#8221;\n\n\nCaf&#8217;\u00c9changes du lundi 3 avril 2023, \u00e0 Globlivres &#8211; Renens.\n\n\n\nen pr\u00e9sence des intervenantes suivantes :\n\n\n\n\n\nInterBiblio, Centre de comp\u00e9tence pour le travail interculturel dans les biblioth\u00e8ques en Suisse &#8211; Mme Ilena Spinedi, codirectrice  \n\n\n\nTable-ronde-1_20230403_InterbiblioT\u00e9l\u00e9charger\n\n\n\n\n\n\n\nGloblivres, Biblioth\u00e8que interculturelle, Renens &#8211; Mme Anne-Sophie Bovet, adjointe de la responsable\n\n\n\n\n\n\n\n\n\nA tous Livres, Biblioth\u00e8que interculturelle, Monthey &#8211; Mme Aur\u00e9lie Fernandez, secr\u00e9taire et responsable administrative\n\n\n\nTable-ronde-1_20230403_A-tous-livresT\u00e9l\u00e9charger\n\n\n\n\n\n\n\n\n<div class=\"post-theming-cleared\"> <\/div>","protected":false},"excerpt":{"rendered":"&#8220;Inter- et Trans-culturalit\u00e9s en biblioth\u00e8que : ressources et bonnes pratiques&#8221; Caf&#8217;\u00c9changes du lundi 3 avril 2023, \u00e0 Globlivres &#8211; Renens. en pr\u00e9sence des intervenantes suivantes : InterBiblio, Centre de comp\u00e9tence &hellip; Continuer la lecture de &laquo;&nbsp;Les ressources du Caf&#8217;\u00c9changes &#8211; 1&nbsp;&raquo;\n<div class=\"post-theming-cleared\"> <\/div>","protected":false},"author":30,"featured_media":0,"parent":0,"menu_order":0,"comment_status":"closed","ping_status":"closed","template":"","meta":{"om_disable_all_campaigns":false,"_monsterinsights_skip_tracking":false,"_monsterinsights_sitenote_active":false,"_monsterinsights_sitenote_note":"","_monsterinsights_sitenote_category":0,"footnotes":""},"class_list":["post-15024","page","type-page","status-publish","hentry","post-theming-border","post-theming-1","post-theming-column-1","post-theming-first-column","post-theming-last-column"],"aioseo_notices":[],"_links":{"self":[{"href":"https:\/\/bibliovaud.ch\/index.php?rest_route=\/wp\/v2\/pages\/15024","targetHints":{"allow":["GET"]}}],"collection":[{"href":"https:\/\/bibliovaud.ch\/index.php?rest_route=\/wp\/v2\/pages"}],"about":[{"href":"https:\/\/bibliovaud.ch\/index.php?rest_route=\/wp\/v2\/types\/page"}],"author":[{"embeddable":true,"href":"https:\/\/bibliovaud.ch\/index.php?rest_route=\/wp\/v2\/users\/30"}],"replies":[{"embeddable":true,"href":"https:\/\/bibliovaud.ch\/index.php?rest_route=%2Fwp%2Fv2%2Fcomments&post=15024"}],"version-history":[{"count":3,"href":"https:\/\/bibliovaud.ch\/index.php?rest_route=\/wp\/v2\/pages\/15024\/revisions"}],"predecessor-version":[{"id":15638,"href":"https:\/\/bibliovaud.ch\/index.php?rest_route=\/wp\/v2\/pages\/15024\/revisions\/15638"}],"wp:attachment":[{"href":"https:\/\/bibliovaud.ch\/index.php?rest_route=%2Fwp%2Fv2%2Fmedia&parent=15024"}],"curies":[{"name":"wp","href":"https:\/\/api.w.org\/{rel}","templated":true}]}}