{"id":15295,"date":"2023-12-18T17:19:19","date_gmt":"2023-12-18T16:19:19","guid":{"rendered":"https:\/\/bibliovaud.ch\/?page_id=15295"},"modified":"2023-12-18T19:13:41","modified_gmt":"2023-12-18T18:13:41","slug":"les-ressources-du-cafechanges-2","status":"publish","type":"page","link":"https:\/\/bibliovaud.ch\/?page_id=15295","title":{"rendered":"Les Ressources du Caf&#8217;\u00c9changes &#8211; 2"},"content":{"rendered":"&#8220;Durabilit\u00e9 en biblioth\u00e8que &#8211; Ressources et bonnes pratiques&#8221;\n\n\nCaf&#8217;\u00c9changes du lundi 13 novembre 2023, \u00e0 l&#8217;Espace biblio-ludique ABCD\u00e9 &#8211; La Tour-de-Peilz.\n\n\n\nen pr\u00e9sence des intervenantes suivantes :\n\n\n\n\n\nMyl\u00e8ne Badoux, Responsable de la m\u00e9diation culturelle \u00e0 la Biblioth\u00e8que municipale de Vevey, pour pr\u00e9senter les actions durabilit\u00e9 de sa biblioth\u00e8que.\n\n\n\nTable-ronde-2_20231112_VeveyT\u00e9l\u00e9charger\n\n\n\n\n\n\n\n\n\n\n\nMarina Jovanovic, M\u00e9diatrice culturelle \u00e0 Bibliomedia, pour pr\u00e9senter la brochure&nbsp;: \u00ab&nbsp;Pour une politique documentaire durable&nbsp;\u00bb, en pr\u00e9sence des autrices,&nbsp;Mmes Nadia Brandt-dit-Grieurin et Agn\u00e8s K\u00fcpfer.\n\n\n\n\n\n\n\n\n\nAnouck Saitta, Directrice adjointe de la BCUL et responsable de la cellule Durabilit\u00e9, pour pr\u00e9senter les actions impl\u00e9ment\u00e9es \u00e0 la BCUL.\n\n\n\nTable-ronde-2_20231113_BCULT\u00e9l\u00e9charger\n\n\n\n\n\nDocuments compl\u00e9mentaires de Bibliosuisse :\n\n\n\nTable-ronde-2_20231113_Bibliosuisse-1T\u00e9l\u00e9charger\n\n\n\nTable-ronde-2_20231113_Bibliosuisse-2T\u00e9l\u00e9charger\n\n\n\nTable-ronde-2_20231113_Bibliosuisse-3T\u00e9l\u00e9charger\n\n\n\n\n\n\n\n\n\n\n\n\n<div class=\"post-theming-cleared\"> <\/div>","protected":false},"excerpt":{"rendered":"&#8220;Durabilit\u00e9 en biblioth\u00e8que &#8211; Ressources et bonnes pratiques&#8221; Caf&#8217;\u00c9changes du lundi 13 novembre 2023, \u00e0 l&#8217;Espace biblio-ludique ABCD\u00e9 &#8211; La Tour-de-Peilz. en pr\u00e9sence des intervenantes suivantes : Myl\u00e8ne Badoux, Responsable &hellip; Continuer la lecture de &laquo;&nbsp;Les Ressources du Caf&#8217;\u00c9changes &#8211; 2&nbsp;&raquo;\n<div class=\"post-theming-cleared\"> <\/div>","protected":false},"author":30,"featured_media":0,"parent":0,"menu_order":0,"comment_status":"closed","ping_status":"closed","template":"","meta":{"om_disable_all_campaigns":false,"_monsterinsights_skip_tracking":false,"_monsterinsights_sitenote_active":false,"_monsterinsights_sitenote_note":"","_monsterinsights_sitenote_category":0,"footnotes":""},"class_list":["post-15295","page","type-page","status-publish","hentry","post-theming-border","post-theming-1","post-theming-column-1","post-theming-first-column","post-theming-last-column"],"aioseo_notices":[],"_links":{"self":[{"href":"https:\/\/bibliovaud.ch\/index.php?rest_route=\/wp\/v2\/pages\/15295","targetHints":{"allow":["GET"]}}],"collection":[{"href":"https:\/\/bibliovaud.ch\/index.php?rest_route=\/wp\/v2\/pages"}],"about":[{"href":"https:\/\/bibliovaud.ch\/index.php?rest_route=\/wp\/v2\/types\/page"}],"author":[{"embeddable":true,"href":"https:\/\/bibliovaud.ch\/index.php?rest_route=\/wp\/v2\/users\/30"}],"replies":[{"embeddable":true,"href":"https:\/\/bibliovaud.ch\/index.php?rest_route=%2Fwp%2Fv2%2Fcomments&post=15295"}],"version-history":[{"count":8,"href":"https:\/\/bibliovaud.ch\/index.php?rest_route=\/wp\/v2\/pages\/15295\/revisions"}],"predecessor-version":[{"id":15334,"href":"https:\/\/bibliovaud.ch\/index.php?rest_route=\/wp\/v2\/pages\/15295\/revisions\/15334"}],"wp:attachment":[{"href":"https:\/\/bibliovaud.ch\/index.php?rest_route=%2Fwp%2Fv2%2Fmedia&parent=15295"}],"curies":[{"name":"wp","href":"https:\/\/api.w.org\/{rel}","templated":true}]}}