{"id":15315,"date":"2023-12-18T17:51:28","date_gmt":"2023-12-18T16:51:28","guid":{"rendered":"https:\/\/bibliovaud.ch\/?page_id=15315"},"modified":"2024-01-31T17:24:23","modified_gmt":"2024-01-31T16:24:23","slug":"carte-des-bibliotheques-vaudoises-de-lecture-publique","status":"publish","type":"page","link":"https:\/\/bibliovaud.ch\/?page_id=15315","title":{"rendered":"Biblioth\u00e8ques membres"},"content":{"rendered":"\n\n\n\n\nBiblioVaud regroupe 50 biblioth\u00e8ques vaudoises de lecture publique.\n\n\n\nTrouvez une biblioth\u00e8que pr\u00e8s de chez vous !1. Explorez la carte2. Cliquez sur la biblioth\u00e8que de votre choix3. Acc\u00e9dez \u00e0 son site internet et \u00e0 ses toutes informations\n\n\n\nLes biblioth\u00e8ques et leurs \u00e9quipes se r\u00e9jouissent de vous accueillir !\n\n\n\nDerni\u00e8re mise \u00e0 jour : d\u00e9cembre 2023\n<div class=\"post-theming-cleared\"> <\/div>","protected":false},"excerpt":{"rendered":"BiblioVaud regroupe 50 biblioth\u00e8ques vaudoises de lecture publique. Trouvez une biblioth\u00e8que pr\u00e8s de chez vous !1. Explorez la carte2. Cliquez sur la biblioth\u00e8que de votre choix3. Acc\u00e9dez \u00e0 son site &hellip; Continuer la lecture de &laquo;&nbsp;Biblioth\u00e8ques membres&nbsp;&raquo;\n<div class=\"post-theming-cleared\"> <\/div>","protected":false},"author":30,"featured_media":0,"parent":0,"menu_order":0,"comment_status":"closed","ping_status":"closed","template":"","meta":{"om_disable_all_campaigns":false,"_monsterinsights_skip_tracking":false,"_monsterinsights_sitenote_active":false,"_monsterinsights_sitenote_note":"","_monsterinsights_sitenote_category":0,"footnotes":""},"class_list":["post-15315","page","type-page","status-publish","hentry","post-theming-border","post-theming-1","post-theming-column-1","post-theming-first-column","post-theming-last-column"],"aioseo_notices":[],"_links":{"self":[{"href":"https:\/\/bibliovaud.ch\/index.php?rest_route=\/wp\/v2\/pages\/15315","targetHints":{"allow":["GET"]}}],"collection":[{"href":"https:\/\/bibliovaud.ch\/index.php?rest_route=\/wp\/v2\/pages"}],"about":[{"href":"https:\/\/bibliovaud.ch\/index.php?rest_route=\/wp\/v2\/types\/page"}],"author":[{"embeddable":true,"href":"https:\/\/bibliovaud.ch\/index.php?rest_route=\/wp\/v2\/users\/30"}],"replies":[{"embeddable":true,"href":"https:\/\/bibliovaud.ch\/index.php?rest_route=%2Fwp%2Fv2%2Fcomments&post=15315"}],"version-history":[{"count":18,"href":"https:\/\/bibliovaud.ch\/index.php?rest_route=\/wp\/v2\/pages\/15315\/revisions"}],"predecessor-version":[{"id":15413,"href":"https:\/\/bibliovaud.ch\/index.php?rest_route=\/wp\/v2\/pages\/15315\/revisions\/15413"}],"wp:attachment":[{"href":"https:\/\/bibliovaud.ch\/index.php?rest_route=%2Fwp%2Fv2%2Fmedia&parent=15315"}],"curies":[{"name":"wp","href":"https:\/\/api.w.org\/{rel}","templated":true}]}}