{"id":15639,"date":"2024-09-24T16:20:19","date_gmt":"2024-09-24T14:20:19","guid":{"rendered":"https:\/\/bibliovaud.ch\/?page_id=15639"},"modified":"2024-10-21T15:43:13","modified_gmt":"2024-10-21T13:43:13","slug":"les-ressources-du-cafechanges-3","status":"publish","type":"page","link":"https:\/\/bibliovaud.ch\/?page_id=15639","title":{"rendered":"Les Ressources du Caf&#8217;\u00c9changes &#8211; 3"},"content":{"rendered":"\n&#8220;L&#8217;avenir des DVD et CD en biblioth\u00e8que&#8221;\n\n\n\nCaf&#8217;\u00c9changes du lundi 1er juillet 2024, \u00e0 la BCU Lausanne &#8211; site Riponne\n\n\n\nen pr\u00e9sence des intervenants suivants :\n\n\n\n\nChristophe Bezen\u00e7on, Responsable du D\u00e9veloppement des Collections du site Riponne de la BCUL, pour pr\u00e9senter l&#8217;\u00e9volution des collections multim\u00e9dias.\n\n\n\nTable-ronde-3_20240701_BCULT\u00e9l\u00e9charger\n\n\n\n\n\nBruno Quiblier, Directeur de l&#8217;Association Basse-Court \u00e9tablie \u00e0 lausanne, pour pr\u00e9senter son travail et Korto.ch, plateforme de streaming de courts m\u00e9trages destin\u00e9e aux abonn\u00e9.e.s des biblioth\u00e8ques partenaires et aux enseignant.e.s en Suisse romande.\n\n\n\n\n\nXavier Blanc, Biblioth\u00e9caire au service des Biblioth\u00e8ques Municipales de Gen\u00e8ve, qui a particip\u00e9 au traitement d&#8217;un fonds tr\u00e8s volumineux de DVD et partagera son exp\u00e9rience.\n\n\n\nTable-ronde-3_20240701_BM Gen\u00e8veT\u00e9l\u00e9charger\n\n<div class=\"post-theming-cleared\"> <\/div>","protected":false},"excerpt":{"rendered":"&#8220;L&#8217;avenir des DVD et CD en biblioth\u00e8que&#8221; Caf&#8217;\u00c9changes du lundi 1er juillet 2024, \u00e0 la BCU Lausanne &#8211; site Riponne en pr\u00e9sence des intervenants suivants : Christophe Bezen\u00e7on, Responsable du &hellip; Continuer la lecture de &laquo;&nbsp;Les Ressources du Caf&#8217;\u00c9changes &#8211; 3&nbsp;&raquo;\n<div class=\"post-theming-cleared\"> <\/div>","protected":false},"author":30,"featured_media":0,"parent":0,"menu_order":0,"comment_status":"closed","ping_status":"closed","template":"","meta":{"om_disable_all_campaigns":false,"_monsterinsights_skip_tracking":false,"_monsterinsights_sitenote_active":false,"_monsterinsights_sitenote_note":"","_monsterinsights_sitenote_category":0,"footnotes":""},"class_list":["post-15639","page","type-page","status-publish","hentry","post-theming-border","post-theming-1","post-theming-column-1","post-theming-first-column","post-theming-last-column"],"aioseo_notices":[],"_links":{"self":[{"href":"https:\/\/bibliovaud.ch\/index.php?rest_route=\/wp\/v2\/pages\/15639","targetHints":{"allow":["GET"]}}],"collection":[{"href":"https:\/\/bibliovaud.ch\/index.php?rest_route=\/wp\/v2\/pages"}],"about":[{"href":"https:\/\/bibliovaud.ch\/index.php?rest_route=\/wp\/v2\/types\/page"}],"author":[{"embeddable":true,"href":"https:\/\/bibliovaud.ch\/index.php?rest_route=\/wp\/v2\/users\/30"}],"replies":[{"embeddable":true,"href":"https:\/\/bibliovaud.ch\/index.php?rest_route=%2Fwp%2Fv2%2Fcomments&post=15639"}],"version-history":[{"count":5,"href":"https:\/\/bibliovaud.ch\/index.php?rest_route=\/wp\/v2\/pages\/15639\/revisions"}],"predecessor-version":[{"id":15695,"href":"https:\/\/bibliovaud.ch\/index.php?rest_route=\/wp\/v2\/pages\/15639\/revisions\/15695"}],"wp:attachment":[{"href":"https:\/\/bibliovaud.ch\/index.php?rest_route=%2Fwp%2Fv2%2Fmedia&parent=15639"}],"curies":[{"name":"wp","href":"https:\/\/api.w.org\/{rel}","templated":true}]}}