{"id":15961,"date":"2025-01-30T19:05:13","date_gmt":"2025-01-30T18:05:13","guid":{"rendered":"https:\/\/bibliovaud.ch\/?page_id=15961"},"modified":"2025-02-01T11:48:23","modified_gmt":"2025-02-01T10:48:23","slug":"les-ressources-du-cafechanges-4","status":"publish","type":"page","link":"https:\/\/bibliovaud.ch\/?page_id=15961","title":{"rendered":"Les Ressources du Caf\u2019\u00c9changes \u2013 4"},"content":{"rendered":"\n\u201cL&#8217;intelligence artificielle\u201d\n\n\n\nCaf&#8217;\u00c9changes du lundi 28 octobre 2024, \u00e0 la Biblioth\u00e8que communale de Crissier,\n\n\n\n                                                                                        [...]<div class=\"post-theming-cleared\"> <\/div>","protected":false},"excerpt":{"rendered":"\u201cL&#8217;intelligence artificielle\u201d Caf&#8217;\u00c9changes du lundi 28 octobre 2024, \u00e0 la Biblioth\u00e8que communale de Crissier, en pr\u00e9sence des intervenants suivants : Beno\u00eet Epron, professeur associ\u00e9 \u00e0 la HEG-Gen\u00e8ve, fili\u00e8re Information Science. &hellip; Continuer la lecture de &laquo;&nbsp;Les Ressources du Caf\u2019\u00c9changes \u2013 4&nbsp;&raquo;\n<div class=\"post-theming-cleared\"> <\/div>","protected":false},"author":30,"featured_media":0,"parent":0,"menu_order":0,"comment_status":"closed","ping_status":"closed","template":"","meta":{"om_disable_all_campaigns":false,"_monsterinsights_skip_tracking":false,"_monsterinsights_sitenote_active":false,"_monsterinsights_sitenote_note":"","_monsterinsights_sitenote_category":0,"footnotes":""},"class_list":["post-15961","page","type-page","status-publish","hentry","post-theming-border","post-theming-1","post-theming-column-1","post-theming-first-column","post-theming-last-column"],"aioseo_notices":[],"_links":{"self":[{"href":"https:\/\/bibliovaud.ch\/index.php?rest_route=\/wp\/v2\/pages\/15961","targetHints":{"allow":["GET"]}}],"collection":[{"href":"https:\/\/bibliovaud.ch\/index.php?rest_route=\/wp\/v2\/pages"}],"about":[{"href":"https:\/\/bibliovaud.ch\/index.php?rest_route=\/wp\/v2\/types\/page"}],"author":[{"embeddable":true,"href":"https:\/\/bibliovaud.ch\/index.php?rest_route=\/wp\/v2\/users\/30"}],"replies":[{"embeddable":true,"href":"https:\/\/bibliovaud.ch\/index.php?rest_route=%2Fwp%2Fv2%2Fcomments&post=15961"}],"version-history":[{"count":6,"href":"https:\/\/bibliovaud.ch\/index.php?rest_route=\/wp\/v2\/pages\/15961\/revisions"}],"predecessor-version":[{"id":15976,"href":"https:\/\/bibliovaud.ch\/index.php?rest_route=\/wp\/v2\/pages\/15961\/revisions\/15976"}],"wp:attachment":[{"href":"https:\/\/bibliovaud.ch\/index.php?rest_route=%2Fwp%2Fv2%2Fmedia&parent=15961"}],"curies":[{"name":"wp","href":"https:\/\/api.w.org\/{rel}","templated":true}]}}