{"id":6461,"date":"2018-05-03T17:25:46","date_gmt":"2018-05-03T15:25:46","guid":{"rendered":"http:\/\/www.bibliovaud.ch\/?page_id=6461"},"modified":"2026-03-17T22:53:22","modified_gmt":"2026-03-17T21:53:22","slug":"accueil","status":"publish","type":"page","link":"https:\/\/bibliovaud.ch\/","title":{"rendered":"Accueil"},"content":{"rendered":"Bienvenue sur le site de BiblioVaud\n\n\t\t<!-- MasterSlider -->\n\t\t<div id=\"P_MS69e207d9a961f\" class=\"master-slider-parent msl ms-parent-id-2\" style=\"max-width:1000px;\">\n\n\t\t\t\n\t\t\t<!-- MasterSlider Main -->\n\t\t\t<div id=\"MS69e207d9a961f\" class=\"master-slider ms-skin-default\" >\n\t\t\t\t \t\t\t\t \n\t\t\t\t<div  class=\"ms-slide\" data-delay=\"1\" data-fill-mode=\"fit\"  >\n\t\t\t\t\t<img decoding=\"async\" src=\"https:\/\/bibliovaud.ch\/wp-content\/plugins\/master-slider\/public\/assets\/css\/blank.gif\" alt=\"\" title=\"\" data-src=\"https:\/\/bibliovaud.ch\/wp-content\/uploads\/BWE26_Affiche-mondiale-F4_ROUGE.jpg\" \/>\n\n\n\t<div class=\"ms-thumb\" ><div class=\"ms-tab-context\"><div class=\"&quot;ms-tab-context&quot;\"><\/div><\/div>\n<\/div>\n\t\t\t\t<\/div>\n\t\t\t\t<div  class=\"ms-slide\" data-delay=\"1\" data-fill-mode=\"fill\"  >\n\t\t\t\t\t<img decoding=\"async\" src=\"https:\/\/bibliovaud.ch\/wp-content\/plugins\/master-slider\/public\/assets\/css\/blank.gif\" alt=\"\" title=\"\" data-src=\"https:\/\/bibliovaud.ch\/wp-content\/uploads\/BWE26_Affiche-mondiale-F4_BLEU.jpg\" \/>\n\n\n\t<div class=\"ms-thumb\" ><div class=\"ms-tab-context\"><div class=\"&quot;ms-tab-context&quot;\"><\/div><\/div>\n<\/div>\n\t\t\t\t<\/div>\n\t\t\t\t<div  class=\"ms-slide\" data-delay=\"1\" data-fill-mode=\"fit\"  >\n\t\t\t\t\t<img decoding=\"async\" src=\"https:\/\/bibliovaud.ch\/wp-content\/plugins\/master-slider\/public\/assets\/css\/blank.gif\" alt=\"\" title=\"\" data-src=\"https:\/\/bibliovaud.ch\/wp-content\/uploads\/BWE26_Affiche-mondiale-F4_JAUNE.jpg\" \/>\n\n\n\t<div class=\"ms-thumb\" ><div class=\"ms-tab-context\"><div class=\"&quot;ms-tab-context&quot;\"><\/div><\/div>\n<\/div>\n\t\t\t\t<\/div>\n\t\t\t\t<div  class=\"ms-slide\" data-delay=\"1\" data-fill-mode=\"fill\"  >\n\t\t\t\t\t<img decoding=\"async\" src=\"https:\/\/bibliovaud.ch\/wp-content\/plugins\/master-slider\/public\/assets\/css\/blank.gif\" alt=\"\" title=\"\" data-src=\"https:\/\/bibliovaud.ch\/wp-content\/uploads\/BWE26_Affiche-mondiale-F4_ROUGE.jpg\" \/>\n\n\n\t<div class=\"ms-thumb\" ><div class=\"ms-tab-context\"><div class=\"&quot;ms-tab-context&quot;\"><\/div><\/div>\n<\/div>\n\t\t\t\t<\/div>\n\t\t\t\t<div  class=\"ms-slide\" data-delay=\"1\" data-fill-mode=\"fit\"  >\n\t\t\t\t\t<img decoding=\"async\" src=\"https:\/\/bibliovaud.ch\/wp-content\/plugins\/master-slider\/public\/assets\/css\/blank.gif\" alt=\"\" title=\"\" data-src=\"https:\/\/bibliovaud.ch\/wp-content\/uploads\/BWE26_Affiche-mondiale-F4_BLEU.jpg\" \/>\n\n\n\t<div class=\"ms-thumb\" ><div class=\"ms-tab-context\"><div class=\"&quot;ms-tab-context&quot;\"><\/div><\/div>\n<\/div>\n\t\t\t\t<\/div>\n\t\t\t\t<div  class=\"ms-slide\" data-delay=\"1\" data-fill-mode=\"fill\"  >\n\t\t\t\t\t<img decoding=\"async\" src=\"https:\/\/bibliovaud.ch\/wp-content\/plugins\/master-slider\/public\/assets\/css\/blank.gif\" alt=\"\" title=\"\" data-src=\"https:\/\/bibliovaud.ch\/wp-content\/uploads\/BWE26_Affiche-mondiale-F4_JAUNE.jpg\" \/>\n\n\n\t<div class=\"ms-thumb\" ><div class=\"ms-tab-context\"><div class=\"&quot;ms-tab-context&quot;\"><\/div><\/div>\n<\/div>\n\t\t\t\t<\/div>\n\n\t\t\t<\/div>\n\t\t\t<!-- END MasterSlider Main -->\n\n\t\t\t \n\t\t<\/div>\n\t\t<!-- END MasterSlider -->\n\n\t\t<script>\n\t\t(function ( $ ) {\n\t\t\t\"use strict\";\n\n\t\t\t$(function () {\n\t\t\t\tvar masterslider_961f = new MasterSlider();\n\n\t\t\t\t\/\/ slider controls\n\n\t\t\t\t\/\/ slider setup\n\t\t\t\tmasterslider_961f.setup(\"MS69e207d9a961f\", {\n\t\t\t\t\t\twidth           : 1000,\n\t\t\t\t\t\theight          : 600,\n\t\t\t\t\t\tminHeight       : 0,\n\t\t\t\t\t\tspace           : 2,\n\t\t\t\t\t\tstart           : 1,\n\t\t\t\t\t\tgrabCursor      : true,\n\t\t\t\t\t\tswipe           : true,\n\t\t\t\t\t\tmouse           : true,\n\t\t\t\t\t\tlayout          : \"boxed\",\n\t\t\t\t\t\twheel           : false,\n\t\t\t\t\t\tautoplay        : true,\n\t\t\t\t\t\tinstantStartLayers:false,\n\t\t\t\t\t\tloop            : true,\n\t\t\t\t\t\tshuffle         : false,\n\t\t\t\t\t\tpreload         : 0,\n\t\t\t\t\t\theightLimit     : true,\n\t\t\t\t\t\tautoHeight      : false,\n\t\t\t\t\t\tsmoothHeight    : true,\n\t\t\t\t\t\tendPause        : false,\n\t\t\t\t\t\toverPause       : true,\n\t\t\t\t\t\tfillMode        : \"fill\",\n\t\t\t\t\t\tcenterControls  : true,\n\t\t\t\t\t\tstartOnAppear   : true,\n\t\t\t\t\t\tlayersMode      : \"center\",\n\t\t\t\t\t\thideLayers      : false,\n\t\t\t\t\t\tfullscreenMargin: 0,\n\t\t\t\t\t\tspeed           : 20,\n\t\t\t\t\t\tdir             : \"h\",\n\t\t\t\t\t\tparallaxMode    : 'swipe',\n\t\t\t\t\t\tview            : \"fade\"\n\t\t\t\t});\n\n\t\t\t\t\n\t\t\t\twindow.masterslider_instances = window.masterslider_instances || [];\n\t\t\t\twindow.masterslider_instances.push( masterslider_961f );\n\t\t\t });\n\n\t\t})(jQuery);\n\t\t<\/script>\n\n\n\n\n\n(function(w,d,s,l,i){w[l]=w[l]||[];w[l].push({'gtm.start':\nnew Date().getTime(),event:'gtm.js'});var f=d.getElementsByTagName(s)[0],\nj=d.createElement(s),dl=l!='dataLayer'?'&l='+l:'';j.async=true;j.src=\n'https:\/\/www.googletagmanager.com\/gtm.js?id='+i+dl;f.parentNode.insertBefore(j,f);\n})(window,document,'script','dataLayer','GTM-TNJG2N6L');\n\n\n\n\nLe prochain BiblioWeekendaura lieu du 27 au 29 mars 2026sur la th\u00e9matique du jeu.\n\n\n\n\n\n\n\nCommuniqu\u00e9 de presse de BiblioVaud du 18 mars 2026\n\n\n\nListe des 38 biblioth\u00e8ques participantes du canton de Vaud en 2026\n\n\n\nProgramme national des animations\n\n\n\nUne dynamique partout en Suisse : #biblioweekend26\n\n\n\nInscription en tant que biblioth\u00e8que participante\n\n\n\n\nRetour sur l&#8217;\u00e9dition 2025 : &#8220;Les mots relient les mondes&#8221;\n\n\n\n\nLes Dicodeurs avec Am\u00e9lie Vallotton, pr\u00e9sidente de Bibliosuisse, \u00e0 l&#8217;occasion du BiblioWeekend (\u00e9mission enregistr\u00e9e \u00e0 Bibliomedia-Lausanne et diffus\u00e9e du 24 au 28 mars 2025 sur la Premi\u00e8re).\n\n\n\n\n\n\n\nRetour en images sur l&#8217;\u00e9dition 2024 : &#8220;\u00c0 table !&#8221;\n\n\n\nSujet de la [...]<div class=\"post-theming-cleared\"> <\/div>","protected":false},"excerpt":{"rendered":"Bienvenue sur le site de BiblioVaud (function(w,d,s,l,i){w[l]=w[l]||[];w[l].push({&#8216;gtm.start&#8217;: new Date().getTime(),event:&#8217;gtm.js&#8217;});var f=d.getElementsByTagName(s)[0], j=d.createElement(s),dl=l!=&#8217;dataLayer&#8217;?&#8217;&#038;l=&#8217;+l:&#8221;;j.async=true;j.src= &#8216;https:\/\/www.googletagmanager.com\/gtm.js?id=&#8217;+i+dl;f.parentNode.insertBefore(j,f); })(window,document,&#8217;script&#8217;,&#8217;dataLayer&#8217;,&#8217;GTM-TNJG2N6L&#8217;); Le prochain BiblioWeekendaura lieu du 27 au 29 mars 2026sur la th\u00e9matique du jeu. Communiqu\u00e9 de presse &hellip; Continuer la lecture de &laquo;&nbsp;Accueil&nbsp;&raquo;\n<div class=\"post-theming-cleared\"> <\/div>","protected":false},"author":45,"featured_media":0,"parent":0,"menu_order":0,"comment_status":"closed","ping_status":"closed","template":"","meta":{"om_disable_all_campaigns":false,"_monsterinsights_skip_tracking":false,"_monsterinsights_sitenote_active":false,"_monsterinsights_sitenote_note":"","_monsterinsights_sitenote_category":0,"footnotes":""},"class_list":["post-6461","page","type-page","status-publish","hentry","post-theming-border","post-theming-1","post-theming-column-1","post-theming-first-column","post-theming-last-column"],"aioseo_notices":[],"_links":{"self":[{"href":"https:\/\/bibliovaud.ch\/index.php?rest_route=\/wp\/v2\/pages\/6461","targetHints":{"allow":["GET"]}}],"collection":[{"href":"https:\/\/bibliovaud.ch\/index.php?rest_route=\/wp\/v2\/pages"}],"about":[{"href":"https:\/\/bibliovaud.ch\/index.php?rest_route=\/wp\/v2\/types\/page"}],"author":[{"embeddable":true,"href":"https:\/\/bibliovaud.ch\/index.php?rest_route=\/wp\/v2\/users\/45"}],"replies":[{"embeddable":true,"href":"https:\/\/bibliovaud.ch\/index.php?rest_route=%2Fwp%2Fv2%2Fcomments&post=6461"}],"version-history":[{"count":103,"href":"https:\/\/bibliovaud.ch\/index.php?rest_route=\/wp\/v2\/pages\/6461\/revisions"}],"predecessor-version":[{"id":16532,"href":"https:\/\/bibliovaud.ch\/index.php?rest_route=\/wp\/v2\/pages\/6461\/revisions\/16532"}],"wp:attachment":[{"href":"https:\/\/bibliovaud.ch\/index.php?rest_route=%2Fwp%2Fv2%2Fmedia&parent=6461"}],"curies":[{"name":"wp","href":"https:\/\/api.w.org\/{rel}","templated":true}]}}